{"id":5101,"date":"2025-09-09T13:26:04","date_gmt":"2025-09-09T13:26:04","guid":{"rendered":"https:\/\/iconicsardine.com\/?page_id=5101"},"modified":"2025-09-18T10:57:13","modified_gmt":"2025-09-18T10:57:13","slug":"sardines-in-olive-oil-and-ginger","status":"publish","type":"page","link":"https:\/\/iconicsardine.com\/pt\/products\/sardines-in-olive-oil-and-ginger\/","title":{"rendered":"Sardines in Olive Oil and Ginger"},"content":{"rendered":"<div data-elementor-type=\"wp-page\" data-elementor-id=\"5101\" class=\"elementor elementor-5101\" data-elementor-post-type=\"page\">\n\t\t\t\t<div data-particle_enable=\"false\" data-particle-mobile-disabled=\"false\" class=\"elementor-element elementor-element-74ccb33 e-con-full e-flex e-con e-parent\" data-id=\"74ccb33\" data-element_type=\"container\" data-e-type=\"container\">\n\t\t<div data-particle_enable=\"false\" data-particle-mobile-disabled=\"false\" class=\"elementor-element elementor-element-5952a51 e-grid e-con-full e-con e-child\" data-id=\"5952a51\" data-element_type=\"container\" data-e-type=\"container\">\n\t\t\t\t<div class=\"elementor-element elementor-element-8eebf12 elementor-arrows-position-inside elementor-widget elementor-widget-image-carousel\" data-id=\"8eebf12\" data-element_type=\"widget\" data-e-type=\"widget\" data-settings=\"{&quot;slides_to_show&quot;:&quot;1&quot;,&quot;navigation&quot;:&quot;arrows&quot;,&quot;autoplay&quot;:&quot;yes&quot;,&quot;pause_on_hover&quot;:&quot;yes&quot;,&quot;pause_on_interaction&quot;:&quot;yes&quot;,&quot;autoplay_speed&quot;:5000,&quot;infinite&quot;:&quot;yes&quot;,&quot;effect&quot;:&quot;slide&quot;,&quot;speed&quot;:500}\" data-widget_type=\"image-carousel.default\">\n\t\t\t\t\t\t\t<div class=\"elementor-image-carousel-wrapper swiper\" role=\"region\" aria-roledescription=\"carousel\" aria-label=\"Image Carousel\" dir=\"ltr\">\n\t\t\t<div class=\"elementor-image-carousel swiper-wrapper\" aria-live=\"off\">\n\t\t\t\t\t\t\t\t<div class=\"swiper-slide\" role=\"group\" aria-roledescription=\"slide\" aria-label=\"1 of 3\"><figure class=\"swiper-slide-inner\"><img decoding=\"async\" class=\"swiper-slide-image\" src=\"https:\/\/iconicsardine.com\/wp-content\/uploads\/2025\/09\/SARDINES-IN-OLIVE-OIL-AND-GINGER-1.jpg\" alt=\"SARDINES IN OLIVE OIL AND GINGER 1\" \/><\/figure><\/div><div class=\"swiper-slide\" role=\"group\" aria-roledescription=\"slide\" aria-label=\"2 of 3\"><figure class=\"swiper-slide-inner\"><img decoding=\"async\" class=\"swiper-slide-image\" src=\"https:\/\/iconicsardine.com\/wp-content\/uploads\/2025\/09\/SARDINES-IN-OLIVE-OIL-AND-GINGER-2.jpg\" alt=\"SARDINES IN OLIVE OIL AND GINGER 2\" \/><\/figure><\/div><div class=\"swiper-slide\" role=\"group\" aria-roledescription=\"slide\" aria-label=\"3 of 3\"><figure class=\"swiper-slide-inner\"><img decoding=\"async\" class=\"swiper-slide-image\" src=\"https:\/\/iconicsardine.com\/wp-content\/uploads\/2025\/09\/SARDINES-IN-OLIVE-OIL-AND-GINGER-3.jpg\" alt=\"SARDINES IN OLIVE OIL AND GINGER 3\" \/><\/figure><\/div>\t\t\t<\/div>\n\t\t\t\t\t\t\t\t\t\t\t\t<div class=\"elementor-swiper-button elementor-swiper-button-prev\" role=\"button\" tabindex=\"0\">\n\t\t\t\t\t\t<svg aria-hidden=\"true\" class=\"e-font-icon-svg e-eicon-chevron-left\" viewbox=\"0 0 1000 1000\" xmlns=\"http:\/\/www.w3.org\/2000\/svg\"><path d=\"M646 125C629 125 613 133 604 142L308 442C296 454 292 471 292 487 292 504 296 521 308 533L604 854C617 867 629 875 646 875 663 875 679 871 692 858 704 846 713 829 713 812 713 796 708 779 692 767L438 487 692 225C700 217 708 204 708 187 708 171 704 154 692 142 675 129 663 125 646 125Z\"><\/path><\/svg>\t\t\t\t\t<\/div>\n\t\t\t\t\t<div class=\"elementor-swiper-button elementor-swiper-button-next\" role=\"button\" tabindex=\"0\">\n\t\t\t\t\t\t<svg aria-hidden=\"true\" class=\"e-font-icon-svg e-eicon-chevron-right\" viewbox=\"0 0 1000 1000\" xmlns=\"http:\/\/www.w3.org\/2000\/svg\"><path d=\"M696 533C708 521 713 504 713 487 713 471 708 454 696 446L400 146C388 133 375 125 354 125 338 125 325 129 313 142 300 154 292 171 292 187 292 204 296 221 308 233L563 492 304 771C292 783 288 800 288 817 288 833 296 850 308 863 321 871 338 875 354 875 371 875 388 867 400 854L696 533Z\"><\/path><\/svg>\t\t\t\t\t<\/div>\n\t\t\t\t\n\t\t\t\t\t\t\t\t\t<\/div>\n\t\t\t\t\t\t<\/div>\n\t\t<div data-particle_enable=\"false\" data-particle-mobile-disabled=\"false\" class=\"elementor-element elementor-element-1a782eb e-con-full e-flex e-con e-child\" data-id=\"1a782eb\" data-element_type=\"container\" data-e-type=\"container\" data-settings=\"{&quot;background_background&quot;:&quot;classic&quot;}\">\n\t\t\t\t<div class=\"elementor-element elementor-element-79343b8 elementor-widget__width-initial elementor-widget elementor-widget-text-editor\" data-id=\"79343b8\" data-element_type=\"widget\" data-e-type=\"widget\" data-widget_type=\"text-editor.default\">\n\t\t\t\t\t\t\t\t\t<h1><strong>Sardinhas em azeite com gengibre<\/strong><\/h1><h1>a paix\u00e3o inesperada<\/h1><p>\u00a0<\/p><p class=\"p1\">Azeite sedoso + um toque fresco de gengibre. Vibrante, surpreendente e irresist\u00edvel para petiscar.<\/p>\t\t\t\t\t\t\t\t<\/div>\n\t\t\t\t<div class=\"elementor-element elementor-element-a6e39f8 elementor-widget__width-inherit elementor-widget elementor-widget-n-accordion\" data-id=\"a6e39f8\" data-element_type=\"widget\" data-e-type=\"widget\" data-settings=\"{&quot;default_state&quot;:&quot;all_collapsed&quot;,&quot;n_accordion_animation_duration&quot;:{&quot;unit&quot;:&quot;ms&quot;,&quot;size&quot;:200,&quot;sizes&quot;:[]},&quot;max_items_expended&quot;:&quot;one&quot;}\" data-widget_type=\"nested-accordion.default\">\n\t\t\t\t\t\t\t<div class=\"e-n-accordion\" aria-label=\"Acorde\u00e3o. Abra os links com Enter ou Espa\u00e7o, feche com Escape e navegue com as Teclas de Seta.\">\n\t\t\t\t\t\t<details id=\"e-n-accordion-item-1740\" class=\"e-n-accordion-item\" >\n\t\t\t\t<summary class=\"e-n-accordion-item-title\" data-accordion-index=\"1\" tabindex=\"0\" aria-expanded=\"false\" aria-controls=\"e-n-accordion-item-1740\" >\n\t\t\t\t\t<span class='e-n-accordion-item-title-header'><h5 class=\"e-n-accordion-item-title-text\"> O QUE A TORNA IC\u00d3NICA <\/h5><\/span>\n\t\t\t\t\t\t\t<span class='e-n-accordion-item-title-icon'>\n\t\t\t<span class='e-opened' ><svg aria-hidden=\"true\" class=\"e-font-icon-svg e-fas-minus\" viewbox=\"0 0 448 512\" xmlns=\"http:\/\/www.w3.org\/2000\/svg\"><path d=\"M416 208H32c-17.67 0-32 14.33-32 32v32c0 17.67 14.33 32 32 32h384c17.67 0 32-14.33 32-32v-32c0-17.67-14.33-32-32-32z\"><\/path><\/svg><\/span>\n\t\t\t<span class='e-closed'><svg aria-hidden=\"true\" class=\"e-font-icon-svg e-fas-plus\" viewbox=\"0 0 448 512\" xmlns=\"http:\/\/www.w3.org\/2000\/svg\"><path d=\"M416 208H272V64c0-17.67-14.33-32-32-32h-32c-17.67 0-32 14.33-32 32v144H32c-17.67 0-32 14.33-32 32v32c0 17.67 14.33 32 32 32h144v144c0 17.67 14.33 32 32 32h32c17.67 0 32-14.33 32-32V304h144c17.67 0 32-14.33 32-32v-32c0-17.67-14.33-32-32-32z\"><\/path><\/svg><\/span>\n\t\t<\/span>\n\n\t\t\t\t\t\t<\/summary>\n\t\t\t\t<div data-particle_enable=\"false\" data-particle-mobile-disabled=\"false\" role=\"region\" aria-labelledby=\"e-n-accordion-item-1740\" class=\"elementor-element elementor-element-db2e060 e-con-full e-flex e-con e-child\" data-id=\"db2e060\" data-element_type=\"container\" data-e-type=\"container\">\n\t\t\t\t<div class=\"elementor-element elementor-element-84f045f elementor-widget elementor-widget-text-editor\" data-id=\"84f045f\" data-element_type=\"widget\" data-e-type=\"widget\" data-widget_type=\"text-editor.default\">\n\t\t\t\t\t\t\t\t\t<h6 class=\"p1\">&#8211; Fresh ginger flair meets tradition<\/h6><h6 class=\"p1\">\u2013 Riqueza de \u00f3mega-3 + impulso antioxidante<\/h6><h6 class=\"p1\">\u2013 100% natural e compat\u00edvel com a dieta keto<\/h6><h6 class=\"p1\">\u2013 Feitas para brilhar em bowls de arroz, saladas e tapas<\/h6><h6 class=\"p1\">\u2013 Certifica\u00e7\u00e3o MSC: rastre\u00e1vel do mar at\u00e9 \u00e0 lata<\/h6>\t\t\t\t\t\t\t\t<\/div>\n\t\t\t\t<\/div>\n\t\t\t\t\t<\/details>\n\t\t\t\t\t\t<details id=\"e-n-accordion-item-1741\" class=\"e-n-accordion-item\" >\n\t\t\t\t<summary class=\"e-n-accordion-item-title\" data-accordion-index=\"2\" tabindex=\"-1\" aria-expanded=\"false\" aria-controls=\"e-n-accordion-item-1741\" >\n\t\t\t\t\t<span class='e-n-accordion-item-title-header'><h5 class=\"e-n-accordion-item-title-text\"> INFO LATA <\/h5><\/span>\n\t\t\t\t\t\t\t<span class='e-n-accordion-item-title-icon'>\n\t\t\t<span class='e-opened' ><svg aria-hidden=\"true\" class=\"e-font-icon-svg e-fas-minus\" viewbox=\"0 0 448 512\" xmlns=\"http:\/\/www.w3.org\/2000\/svg\"><path d=\"M416 208H32c-17.67 0-32 14.33-32 32v32c0 17.67 14.33 32 32 32h384c17.67 0 32-14.33 32-32v-32c0-17.67-14.33-32-32-32z\"><\/path><\/svg><\/span>\n\t\t\t<span class='e-closed'><svg aria-hidden=\"true\" class=\"e-font-icon-svg e-fas-plus\" viewbox=\"0 0 448 512\" xmlns=\"http:\/\/www.w3.org\/2000\/svg\"><path d=\"M416 208H272V64c0-17.67-14.33-32-32-32h-32c-17.67 0-32 14.33-32 32v144H32c-17.67 0-32 14.33-32 32v32c0 17.67 14.33 32 32 32h144v144c0 17.67 14.33 32 32 32h32c17.67 0 32-14.33 32-32V304h144c17.67 0 32-14.33 32-32v-32c0-17.67-14.33-32-32-32z\"><\/path><\/svg><\/span>\n\t\t<\/span>\n\n\t\t\t\t\t\t<\/summary>\n\t\t\t\t<div data-particle_enable=\"false\" data-particle-mobile-disabled=\"false\" role=\"region\" aria-labelledby=\"e-n-accordion-item-1741\" class=\"elementor-element elementor-element-1c28468 e-con-full e-flex e-con e-child\" data-id=\"1c28468\" data-element_type=\"container\" data-e-type=\"container\">\n\t\t\t\t<div class=\"elementor-element elementor-element-a1eac87 elementor-widget elementor-widget-image\" data-id=\"a1eac87\" data-element_type=\"widget\" data-e-type=\"widget\" data-widget_type=\"image.default\">\n\t\t\t\t\t\t\t\t\t\t\t\t\t\t\t<img fetchpriority=\"high\" decoding=\"async\" width=\"613\" height=\"1024\" src=\"https:\/\/iconicsardine.com\/wp-content\/uploads\/2025\/09\/NutritionLabel-sardines-in-ginger-110-613x1024.jpg\" class=\"attachment-large size-large wp-image-5357\" alt=\"\" srcset=\"https:\/\/iconicsardine.com\/wp-content\/uploads\/2025\/09\/NutritionLabel-sardines-in-ginger-110-613x1024.jpg 613w, https:\/\/iconicsardine.com\/wp-content\/uploads\/2025\/09\/NutritionLabel-sardines-in-ginger-110-179x300.jpg 179w, https:\/\/iconicsardine.com\/wp-content\/uploads\/2025\/09\/NutritionLabel-sardines-in-ginger-110.jpg 725w\" sizes=\"(max-width: 613px) 100vw, 613px\" \/>\t\t\t\t\t\t\t\t\t\t\t\t\t\t\t<\/div>\n\t\t\t\t<\/div>\n\t\t\t\t\t<\/details>\n\t\t\t\t\t<\/div>\n\t\t\t\t\t\t<\/div>\n\t\t\t\t<\/div>\n\t\t<div data-particle_enable=\"false\" data-particle-mobile-disabled=\"false\" class=\"elementor-element elementor-element-36035ee e-con-full e-flex e-con e-child\" data-id=\"36035ee\" data-element_type=\"container\" data-e-type=\"container\" data-settings=\"{&quot;background_background&quot;:&quot;classic&quot;}\">\n\t\t\t\t<div class=\"elementor-element elementor-element-cc68db3 elementor-widget__width-inherit elementor-widget elementor-widget-n-accordion\" data-id=\"cc68db3\" data-element_type=\"widget\" data-e-type=\"widget\" data-settings=\"{&quot;default_state&quot;:&quot;all_collapsed&quot;,&quot;n_accordion_animation_duration&quot;:{&quot;unit&quot;:&quot;ms&quot;,&quot;size&quot;:200,&quot;sizes&quot;:[]},&quot;max_items_expended&quot;:&quot;one&quot;}\" data-widget_type=\"nested-accordion.default\">\n\t\t\t\t\t\t\t<div class=\"e-n-accordion\" aria-label=\"Acorde\u00e3o. Abra os links com Enter ou Espa\u00e7o, feche com Escape e navegue com as Teclas de Seta.\">\n\t\t\t\t\t\t<details id=\"e-n-accordion-item-2140\" class=\"e-n-accordion-item\" >\n\t\t\t\t<summary class=\"e-n-accordion-item-title\" data-accordion-index=\"1\" tabindex=\"0\" aria-expanded=\"false\" aria-controls=\"e-n-accordion-item-2140\" >\n\t\t\t\t\t<span class='e-n-accordion-item-title-header'><h5 class=\"e-n-accordion-item-title-text\"> INGREDIENTES <\/h5><\/span>\n\t\t\t\t\t\t\t<span class='e-n-accordion-item-title-icon'>\n\t\t\t<span class='e-opened' ><svg aria-hidden=\"true\" class=\"e-font-icon-svg e-fas-minus\" viewbox=\"0 0 448 512\" xmlns=\"http:\/\/www.w3.org\/2000\/svg\"><path d=\"M416 208H32c-17.67 0-32 14.33-32 32v32c0 17.67 14.33 32 32 32h384c17.67 0 32-14.33 32-32v-32c0-17.67-14.33-32-32-32z\"><\/path><\/svg><\/span>\n\t\t\t<span class='e-closed'><svg aria-hidden=\"true\" class=\"e-font-icon-svg e-fas-plus\" viewbox=\"0 0 448 512\" xmlns=\"http:\/\/www.w3.org\/2000\/svg\"><path d=\"M416 208H272V64c0-17.67-14.33-32-32-32h-32c-17.67 0-32 14.33-32 32v144H32c-17.67 0-32 14.33-32 32v32c0 17.67 14.33 32 32 32h144v144c0 17.67 14.33 32 32 32h32c17.67 0 32-14.33 32-32V304h144c17.67 0 32-14.33 32-32v-32c0-17.67-14.33-32-32-32z\"><\/path><\/svg><\/span>\n\t\t<\/span>\n\n\t\t\t\t\t\t<\/summary>\n\t\t\t\t<div data-particle_enable=\"false\" data-particle-mobile-disabled=\"false\" role=\"region\" aria-labelledby=\"e-n-accordion-item-2140\" class=\"elementor-element elementor-element-2ae767a e-con-full e-flex e-con e-child\" data-id=\"2ae767a\" data-element_type=\"container\" data-e-type=\"container\">\n\t\t\t\t<div class=\"elementor-element elementor-element-3c0331b elementor-widget elementor-widget-text-editor\" data-id=\"3c0331b\" data-element_type=\"widget\" data-e-type=\"widget\" data-widget_type=\"text-editor.default\">\n\t\t\t\t\t\t\t\t\t<h6 class=\"p1\">SARDINHAS, AZEITE, GENGIBRE E SAL.<\/h6>\t\t\t\t\t\t\t\t<\/div>\n\t\t\t\t<\/div>\n\t\t\t\t\t<\/details>\n\t\t\t\t\t<\/div>\n\t\t\t\t\t\t<\/div>\n\t\t\t\t<div class=\"elementor-element elementor-element-1519c00 elementor-widget elementor-widget-text-editor\" data-id=\"1519c00\" data-element_type=\"widget\" data-e-type=\"widget\" data-widget_type=\"text-editor.default\">\n\t\t\t\t\t\t\t\t\t<h2 class=\"p1\">Gengibre<\/h2><p>\u00a0<\/p><p class=\"p1\">Fresco, c\u00edtrico e cheio de vida. O gengibre ajuda na digest\u00e3o e acrescenta um toque marcante e envolvente que transforma pratos simples em dentadas cheias de energia.<\/p>\t\t\t\t\t\t\t\t<\/div>\n\t\t\t\t<\/div>\n\t\t\t\t<div class=\"elementor-element elementor-element-e0e9d86 elementor-widget elementor-widget-image\" data-id=\"e0e9d86\" data-element_type=\"widget\" data-e-type=\"widget\" data-widget_type=\"image.default\">\n\t\t\t\t\t\t\t\t\t\t\t\t\t\t\t<img decoding=\"async\" width=\"1024\" height=\"1024\" src=\"https:\/\/iconicsardine.com\/wp-content\/uploads\/2025\/09\/SARDINES-IN-OLIVE-OIL-AND-GINGER-4-1024x1024.jpg\" class=\"attachment-large size-large wp-image-5106\" alt=\"\" srcset=\"https:\/\/iconicsardine.com\/wp-content\/uploads\/2025\/09\/SARDINES-IN-OLIVE-OIL-AND-GINGER-4-1024x1024.jpg.webp 1024w, https:\/\/iconicsardine.com\/wp-content\/uploads\/2025\/09\/SARDINES-IN-OLIVE-OIL-AND-GINGER-4-300x300.jpg.webp 300w, https:\/\/iconicsardine.com\/wp-content\/uploads\/2025\/09\/SARDINES-IN-OLIVE-OIL-AND-GINGER-4-150x150.jpg.webp 150w, https:\/\/iconicsardine.com\/wp-content\/uploads\/2025\/09\/SARDINES-IN-OLIVE-OIL-AND-GINGER-4-768x768.jpg.webp 768w, https:\/\/iconicsardine.com\/wp-content\/uploads\/2025\/09\/SARDINES-IN-OLIVE-OIL-AND-GINGER-4-1536x1536.jpg.webp 1536w, https:\/\/iconicsardine.com\/wp-content\/uploads\/2025\/09\/SARDINES-IN-OLIVE-OIL-AND-GINGER-4-2048x2048.jpg.webp 2048w\" sizes=\"(max-width: 1024px) 100vw, 1024px\" \/>\t\t\t\t\t\t\t\t\t\t\t\t\t\t\t<\/div>\n\t\t\t\t<\/div>\n\t\t\t\t<\/div>\n\t\t<div data-particle_enable=\"false\" data-particle-mobile-disabled=\"false\" class=\"elementor-element elementor-element-a072349 e-con-full e-flex e-con e-parent\" data-id=\"a072349\" data-element_type=\"container\" data-e-type=\"container\">\n\t\t\t\t<div class=\"elementor-element elementor-element-fbddac0 elementor-widget elementor-widget-image\" data-id=\"fbddac0\" data-element_type=\"widget\" data-e-type=\"widget\" data-widget_type=\"image.default\">\n\t\t\t\t\t\t\t\t\t\t\t\t\t\t\t<img decoding=\"async\" width=\"2560\" height=\"1274\" src=\"https:\/\/iconicsardine.com\/wp-content\/uploads\/2025\/09\/SARDINES-IN-OLIVE-OIL-AND-GINGER-5-scaled.jpg\" class=\"attachment-full size-full wp-image-5107\" alt=\"\" srcset=\"https:\/\/iconicsardine.com\/wp-content\/uploads\/2025\/09\/SARDINES-IN-OLIVE-OIL-AND-GINGER-5-scaled.jpg.webp 2560w, https:\/\/iconicsardine.com\/wp-content\/uploads\/2025\/09\/SARDINES-IN-OLIVE-OIL-AND-GINGER-5-300x149.jpg.webp 300w, https:\/\/iconicsardine.com\/wp-content\/uploads\/2025\/09\/SARDINES-IN-OLIVE-OIL-AND-GINGER-5-1024x510.jpg.webp 1024w, https:\/\/iconicsardine.com\/wp-content\/uploads\/2025\/09\/SARDINES-IN-OLIVE-OIL-AND-GINGER-5-768x382.jpg.webp 768w, https:\/\/iconicsardine.com\/wp-content\/uploads\/2025\/09\/SARDINES-IN-OLIVE-OIL-AND-GINGER-5-1536x764.jpg.webp 1536w, https:\/\/iconicsardine.com\/wp-content\/uploads\/2025\/09\/SARDINES-IN-OLIVE-OIL-AND-GINGER-5-2048x1019.jpg.webp 2048w\" sizes=\"(max-width: 2560px) 100vw, 2560px\" \/>\t\t\t\t\t\t\t\t\t\t\t\t\t\t\t<\/div>\n\t\t\t\t<\/div>\n\t\t<div data-particle_enable=\"false\" data-particle-mobile-disabled=\"false\" class=\"elementor-element elementor-element-c8858db e-con-full e-flex e-con e-parent\" data-id=\"c8858db\" data-element_type=\"container\" data-e-type=\"container\" data-settings=\"{&quot;background_background&quot;:&quot;classic&quot;}\">\n\t\t<div data-particle_enable=\"false\" data-particle-mobile-disabled=\"false\" class=\"elementor-element elementor-element-47b01e5 e-con-full e-flex e-con e-child\" data-id=\"47b01e5\" data-element_type=\"container\" data-e-type=\"container\" data-settings=\"{&quot;background_background&quot;:&quot;classic&quot;}\">\n\t\t\t\t<div class=\"elementor-element elementor-element-f9d256e elementor-widget elementor-widget-text-editor\" data-id=\"f9d256e\" data-element_type=\"widget\" data-e-type=\"widget\" data-widget_type=\"text-editor.default\">\n\t\t\t\t\t\t\t\t\t<h2>confira estas op\u00e7\u00f5es<\/h2>\t\t\t\t\t\t\t\t<\/div>\n\t\t<div data-particle_enable=\"false\" data-particle-mobile-disabled=\"false\" class=\"elementor-element elementor-element-fc135e8 e-grid e-con-full e-con e-child\" data-id=\"fc135e8\" data-element_type=\"container\" data-e-type=\"container\">\n\t\t<div data-particle_enable=\"false\" data-particle-mobile-disabled=\"false\" class=\"elementor-element elementor-element-bfac877 e-grid e-con-full e-con e-child\" data-id=\"bfac877\" data-element_type=\"container\" data-e-type=\"container\">\n\t\t\t\t<div class=\"elementor-element elementor-element-27227e3 elementor-widget elementor-widget-image\" data-id=\"27227e3\" data-element_type=\"widget\" data-e-type=\"widget\" data-widget_type=\"image.default\">\n\t\t\t\t\t\t\t\t\t\t\t\t\t\t\t\t<a href=\"https:\/\/iconicsardine.com\/pt\/products\/smoked-sardines-in-olive-oil\/\">\n\t\t\t\t\t\t\t<img loading=\"lazy\" decoding=\"async\" width=\"1024\" height=\"1024\" src=\"https:\/\/iconicsardine.com\/wp-content\/uploads\/2025\/09\/OLIVE-OIL-1-1-1024x1024.jpg\" class=\"attachment-large size-large wp-image-4568\" alt=\"\" srcset=\"https:\/\/iconicsardine.com\/wp-content\/uploads\/2025\/09\/OLIVE-OIL-1-1-1024x1024.jpg 1024w, https:\/\/iconicsardine.com\/wp-content\/uploads\/2025\/09\/OLIVE-OIL-1-1-300x300.jpg 300w, https:\/\/iconicsardine.com\/wp-content\/uploads\/2025\/09\/OLIVE-OIL-1-1-150x150.jpg 150w, https:\/\/iconicsardine.com\/wp-content\/uploads\/2025\/09\/OLIVE-OIL-1-1-768x768.jpg 768w, https:\/\/iconicsardine.com\/wp-content\/uploads\/2025\/09\/OLIVE-OIL-1-1-1536x1536.jpg 1536w, https:\/\/iconicsardine.com\/wp-content\/uploads\/2025\/09\/OLIVE-OIL-1-1-2048x2048.jpg 2048w\" sizes=\"(max-width: 1024px) 100vw, 1024px\" \/>\t\t\t\t\t\t\t\t<\/a>\n\t\t\t\t\t\t\t\t\t\t\t\t\t\t\t<\/div>\n\t\t\t\t<div class=\"elementor-element elementor-element-62283c9 elementor-widget elementor-widget-image\" data-id=\"62283c9\" data-element_type=\"widget\" data-e-type=\"widget\" data-widget_type=\"image.default\">\n\t\t\t\t\t\t\t\t\t\t\t\t\t\t\t\t<a href=\"https:\/\/iconicsardine.com\/pt\/products\/sardines-in-spicy-olive-oil\/\">\n\t\t\t\t\t\t\t<img loading=\"lazy\" decoding=\"async\" width=\"1024\" height=\"1024\" src=\"https:\/\/iconicsardine.com\/wp-content\/uploads\/2025\/09\/SPICY-1-1-1024x1024.jpg\" class=\"attachment-large size-large wp-image-4572\" alt=\"\" srcset=\"https:\/\/iconicsardine.com\/wp-content\/uploads\/2025\/09\/SPICY-1-1-1024x1024.jpg 1024w, https:\/\/iconicsardine.com\/wp-content\/uploads\/2025\/09\/SPICY-1-1-300x300.jpg 300w, https:\/\/iconicsardine.com\/wp-content\/uploads\/2025\/09\/SPICY-1-1-150x150.jpg 150w, https:\/\/iconicsardine.com\/wp-content\/uploads\/2025\/09\/SPICY-1-1-768x768.jpg 768w, https:\/\/iconicsardine.com\/wp-content\/uploads\/2025\/09\/SPICY-1-1-1536x1536.jpg 1536w, https:\/\/iconicsardine.com\/wp-content\/uploads\/2025\/09\/SPICY-1-1-2048x2048.jpg 2048w\" sizes=\"(max-width: 1024px) 100vw, 1024px\" \/>\t\t\t\t\t\t\t\t<\/a>\n\t\t\t\t\t\t\t\t\t\t\t\t\t\t\t<\/div>\n\t\t\t\t<div class=\"elementor-element elementor-element-d076b52 elementor-widget elementor-widget-image\" data-id=\"d076b52\" data-element_type=\"widget\" data-e-type=\"widget\" data-widget_type=\"image.default\">\n\t\t\t\t\t\t\t\t\t\t\t\t\t\t\t\t<a href=\"https:\/\/iconicsardine.com\/pt\/products\/smoked-sardines-in-olive-oil\/\">\n\t\t\t\t\t\t\t<img loading=\"lazy\" decoding=\"async\" width=\"1024\" height=\"1024\" src=\"https:\/\/iconicsardine.com\/wp-content\/uploads\/2025\/09\/SMOKED-1-1-1024x1024.jpg\" class=\"attachment-large size-large wp-image-4570\" alt=\"\" srcset=\"https:\/\/iconicsardine.com\/wp-content\/uploads\/2025\/09\/SMOKED-1-1-1024x1024.jpg 1024w, https:\/\/iconicsardine.com\/wp-content\/uploads\/2025\/09\/SMOKED-1-1-300x300.jpg 300w, https:\/\/iconicsardine.com\/wp-content\/uploads\/2025\/09\/SMOKED-1-1-150x150.jpg 150w, https:\/\/iconicsardine.com\/wp-content\/uploads\/2025\/09\/SMOKED-1-1-768x768.jpg 768w, https:\/\/iconicsardine.com\/wp-content\/uploads\/2025\/09\/SMOKED-1-1-1536x1536.jpg 1536w, https:\/\/iconicsardine.com\/wp-content\/uploads\/2025\/09\/SMOKED-1-1-2048x2048.jpg 2048w\" sizes=\"(max-width: 1024px) 100vw, 1024px\" \/>\t\t\t\t\t\t\t\t<\/a>\n\t\t\t\t\t\t\t\t\t\t\t\t\t\t\t<\/div>\n\t\t\t\t<div class=\"elementor-element elementor-element-326d20d elementor-widget elementor-widget-image\" data-id=\"326d20d\" data-element_type=\"widget\" data-e-type=\"widget\" data-widget_type=\"image.default\">\n\t\t\t\t\t\t\t\t\t\t\t\t\t\t\t\t<a href=\"https:\/\/iconicsardine.com\/pt\/products\/sardines-in-curry-sauce\/\">\n\t\t\t\t\t\t\t<img loading=\"lazy\" decoding=\"async\" width=\"1024\" height=\"1024\" src=\"https:\/\/iconicsardine.com\/wp-content\/uploads\/2025\/09\/CURRY-1-1-1024x1024.jpg\" class=\"attachment-large size-large wp-image-4561\" alt=\"\" srcset=\"https:\/\/iconicsardine.com\/wp-content\/uploads\/2025\/09\/CURRY-1-1-1024x1024.jpg 1024w, https:\/\/iconicsardine.com\/wp-content\/uploads\/2025\/09\/CURRY-1-1-300x300.jpg 300w, https:\/\/iconicsardine.com\/wp-content\/uploads\/2025\/09\/CURRY-1-1-150x150.jpg 150w, https:\/\/iconicsardine.com\/wp-content\/uploads\/2025\/09\/CURRY-1-1-768x768.jpg 768w, https:\/\/iconicsardine.com\/wp-content\/uploads\/2025\/09\/CURRY-1-1-1536x1536.jpg 1536w, https:\/\/iconicsardine.com\/wp-content\/uploads\/2025\/09\/CURRY-1-1-2048x2048.jpg 2048w\" sizes=\"(max-width: 1024px) 100vw, 1024px\" \/>\t\t\t\t\t\t\t\t<\/a>\n\t\t\t\t\t\t\t\t\t\t\t\t\t\t\t<\/div>\n\t\t\t\t<\/div>\n\t\t\t\t<\/div>\n\t\t\t\t<\/div>\n\t\t\t\t<\/div>\n\t\t\t\t<\/div>","protected":false},"excerpt":{"rendered":"<p>Sardines in olive oil with ginger the unexpected crush \u00a0 Smooth olive oil + a fresh spark of ginger. Bright, [&hellip;]<\/p>","protected":false},"author":4,"featured_media":0,"parent":4339,"menu_order":0,"comment_status":"closed","ping_status":"closed","template":"elementor_header_footer","meta":{"site-sidebar-layout":"default","site-content-layout":"","ast-site-content-layout":"full-width-container","site-content-style":"unboxed","site-sidebar-style":"default","ast-global-header-display":"disabled","ast-banner-title-visibility":"disabled","ast-main-header-display":"disabled","ast-hfb-above-header-display":"","ast-hfb-below-header-display":"","ast-hfb-mobile-header-display":"disabled","site-post-title":"disabled","ast-breadcrumbs-content":"","ast-featured-img":"disabled","footer-sml-layout":"disabled","ast-disable-related-posts":"","theme-transparent-header-meta":"default","adv-header-id-meta":"","stick-header-meta":"","header-above-stick-meta":"","header-main-stick-meta":"","header-below-stick-meta":"","astra-migrate-meta-layouts":"default","ast-page-background-enabled":"default","ast-page-background-meta":{"desktop":{"background-color":"var(--ast-global-color-5)","background-image":"","background-repeat":"repeat","background-position":"center center","background-size":"auto","background-attachment":"scroll","background-type":"","background-media":"","overlay-type":"","overlay-color":"","overlay-opacity":"","overlay-gradient":""},"tablet":{"background-color":"","background-image":"","background-repeat":"repeat","background-position":"center center","background-size":"auto","background-attachment":"scroll","background-type":"","background-media":"","overlay-type":"","overlay-color":"","overlay-opacity":"","overlay-gradient":""},"mobile":{"background-color":"","background-image":"","background-repeat":"repeat","background-position":"center center","background-size":"auto","background-attachment":"scroll","background-type":"","background-media":"","overlay-type":"","overlay-color":"","overlay-opacity":"","overlay-gradient":""}},"ast-content-background-meta":{"desktop":{"background-color":"var(--ast-global-color-4)","background-image":"","background-repeat":"repeat","background-position":"center center","background-size":"auto","background-attachment":"scroll","background-type":"","background-media":"","overlay-type":"","overlay-color":"","overlay-opacity":"","overlay-gradient":""},"tablet":{"background-color":"var(--ast-global-color-4)","background-image":"","background-repeat":"repeat","background-position":"center center","background-size":"auto","background-attachment":"scroll","background-type":"","background-media":"","overlay-type":"","overlay-color":"","overlay-opacity":"","overlay-gradient":""},"mobile":{"background-color":"var(--ast-global-color-4)","background-image":"","background-repeat":"repeat","background-position":"center center","background-size":"auto","background-attachment":"scroll","background-type":"","background-media":"","overlay-type":"","overlay-color":"","overlay-opacity":"","overlay-gradient":""}},"footnotes":""},"class_list":["post-5101","page","type-page","status-publish","hentry"],"_links":{"self":[{"href":"https:\/\/iconicsardine.com\/pt\/wp-json\/wp\/v2\/pages\/5101","targetHints":{"allow":["GET"]}}],"collection":[{"href":"https:\/\/iconicsardine.com\/pt\/wp-json\/wp\/v2\/pages"}],"about":[{"href":"https:\/\/iconicsardine.com\/pt\/wp-json\/wp\/v2\/types\/page"}],"author":[{"embeddable":true,"href":"https:\/\/iconicsardine.com\/pt\/wp-json\/wp\/v2\/users\/4"}],"replies":[{"embeddable":true,"href":"https:\/\/iconicsardine.com\/pt\/wp-json\/wp\/v2\/comments?post=5101"}],"version-history":[{"count":54,"href":"https:\/\/iconicsardine.com\/pt\/wp-json\/wp\/v2\/pages\/5101\/revisions"}],"predecessor-version":[{"id":6223,"href":"https:\/\/iconicsardine.com\/pt\/wp-json\/wp\/v2\/pages\/5101\/revisions\/6223"}],"up":[{"embeddable":true,"href":"https:\/\/iconicsardine.com\/pt\/wp-json\/wp\/v2\/pages\/4339"}],"wp:attachment":[{"href":"https:\/\/iconicsardine.com\/pt\/wp-json\/wp\/v2\/media?parent=5101"}],"curies":[{"name":"wp","href":"https:\/\/api.w.org\/{rel}","templated":true}]}}